{"id":52425,"date":"2025-05-20T06:26:22","date_gmt":"2025-05-20T06:26:22","guid":{"rendered":"https:\/\/aboutsignal.com\/?page_id=52425"},"modified":"2026-04-22T07:02:36","modified_gmt":"2026-04-22T05:02:36","slug":"haftungsausschluss","status":"publish","type":"page","link":"https:\/\/aboutsignal.com\/de\/disclaimer\/","title":{"rendered":"Disclaimer"},"content":{"rendered":"<p>Obwohl bei der Gestaltung und Erstellung dieser Website gr\u00f6\u00dftm\u00f6gliche Sorgfalt angewendet wurde, k\u00f6nnen dennoch Fehler oder Ungenauigkeiten auftreten. Wenn du auf Probleme oder Unstimmigkeiten st\u00f6\u00dft, kontaktiere uns bitte unter <a href=\"mailto:info@aboutsignal.com\">info@aboutsignal.com<\/a>. Wir werden alles daransetzen, das Problem zu beheben oder die Informationen so schnell wie m\u00f6glich zu korrigieren.<\/p>\n\n\n\n<p>Die auf dieser Website bereitgestellten Informationen dienen ausschlie\u00dflich allgemeinen Informationszwecken. Obwohl wir uns bem\u00fchen, die Richtigkeit und Aktualit\u00e4t der Inhalte sicherzustellen, geben wir keine ausdr\u00fccklichen oder stillschweigenden Zusicherungen oder Gew\u00e4hrleistungen hinsichtlich der Vollst\u00e4ndigkeit, Genauigkeit, Zuverl\u00e4ssigkeit, Eignung oder Verf\u00fcgbarkeit der Website oder der auf dieser Website enthaltenen Informationen, Dienstleistungen oder zugeh\u00f6rigen Inhalte.<\/p>\n\n\n\n<p>Wir \u00fcbernehmen keine Haftung f\u00fcr Verluste oder Sch\u00e4den, die durch die Nutzung dieser Website, die darin enthaltenen Informationen oder durch Fehler oder Auslassungen entstehen.<\/p>\n\n\n\n<p>Diese Website kann Links zu Websites Dritter enthalten. Wir sind weder f\u00fcr den Inhalt, die Funktionalit\u00e4t oder die Verf\u00fcgbarkeit dieser externen Websites verantwortlich, noch f\u00fcr Verluste oder Sch\u00e4den, die durch deren Nutzung entstehen k\u00f6nnen.<\/p>\n\n\n\n<p>Diese Website ist eine unabh\u00e4ngige, nicht offizielle Quelle. Alle Bilder, Logos oder Markenzeichen von Dritten sind Eigentum ihrer jeweiligen Inhaber. Wir erheben keinen Anspruch auf Eigentum an diesen Materialien. Wenn Sie der Meinung sind, dass Ihre Rechte verletzt werden, <a href=\"\/de\/info@aboutsignal.com\/\">wenden Sie sich bitte an uns<\/a> und wir werden dein Anliegen umgehend pr\u00fcfen und bearbeiten. <\/p>\n\n\n\n<p>App Store ist eine eingetragene Marke von Apple Inc., registriert in den USA und anderen L\u00e4ndern. Google Play ist eine Marke von Google LLC.<\/p>\n\n\n\n<p>Alle Inhalte dieser Website sind urheberrechtlich gesch\u00fctzt. Die Vervielf\u00e4ltigung von Teilen des Inhalts ist nur gestattet, mit ordnungsgem\u00e4\u00dfer Quellenangabe und einem Link zu <strong>AboutSignal.com<\/strong>.<\/p>\n\n\n\n<p>Wir haben von Signal Messenger die uneingeschr\u00e4nkte Genehmigung zur Erstellung dieser Website und zur Verwendung der urheberrechtlich gesch\u00fctzten Bilder und Logos erhalten.<\/p>\n\n\n\n<p>Im Falle von Abweichungen oder Unstimmigkeiten zwischen den \u00dcbersetzungen dieses Haftungsausschlusses ist die englische Version ma\u00dfgeblich.<\/p>\n\n\n\n<p><strong>AboutSignal.com ist keine offizielle Website von Signal Messenger.<\/strong> <a href=\"\/de\/ueber-uns\/\">Lies hier mehr \u00fcber uns<\/a>.<\/p>","protected":false},"excerpt":{"rendered":"<p>AboutSignal.com ist keine offizielle Website von Signal Messenger. Lesen Sie diesen Haftungsausschluss, bevor Sie unsere Website nutzen.<\/p>","protected":false},"author":1,"featured_media":53064,"parent":0,"menu_order":0,"comment_status":"closed","ping_status":"closed","template":"","meta":{"_et_pb_use_builder":"off","_et_pb_old_content":"","_et_gb_content_width":"","footnotes":""},"class_list":["post-52425","page","type-page","status-publish","has-post-thumbnail","hentry"],"yoast_head":"<!-- This site is optimized with the Yoast SEO plugin v27.4 - https:\/\/yoast.com\/product\/yoast-seo-wordpress\/ -->\n<title>Disclaimer<\/title>\n<meta name=\"description\" content=\"AboutSignal.com is not an official website of Signal Messenger. Read this disclaimer before using our website.\" \/>\n<meta name=\"robots\" content=\"index, follow, max-snippet:-1, max-image-preview:large, max-video-preview:-1\" \/>\n<link rel=\"canonical\" href=\"https:\/\/aboutsignal.com\/de\/haftungsausschluss\/\" \/>\n<meta property=\"og:locale\" content=\"de_DE\" \/>\n<meta property=\"og:type\" content=\"article\" \/>\n<meta property=\"og:title\" content=\"Disclaimer\" \/>\n<meta property=\"og:description\" content=\"AboutSignal.com is not an official website of Signal Messenger. Read this disclaimer before using our website.\" \/>\n<meta property=\"og:url\" content=\"https:\/\/aboutsignal.com\/de\/haftungsausschluss\/\" \/>\n<meta property=\"og:site_name\" content=\"AboutSignal\" \/>\n<meta property=\"article:modified_time\" content=\"2026-04-22T05:02:36+00:00\" \/>\n<meta property=\"og:image\" content=\"https:\/\/aboutsignal.com\/files\/featured-aboutsignal-pages.png\" \/>\n\t<meta property=\"og:image:width\" content=\"600\" \/>\n\t<meta property=\"og:image:height\" content=\"337\" \/>\n\t<meta property=\"og:image:type\" content=\"image\/png\" \/>\n<meta name=\"twitter:card\" content=\"summary_large_image\" \/>\n<meta name=\"twitter:label1\" content=\"Gesch\u00e4tzte Lesezeit\" \/>\n\t<meta name=\"twitter:data1\" content=\"2\u00a0Minuten\" \/>\n<script type=\"application\/ld+json\" class=\"yoast-schema-graph\">{\"@context\":\"https:\\\/\\\/schema.org\",\"@graph\":[{\"@type\":\"WebPage\",\"@id\":\"https:\\\/\\\/aboutsignal.com\\\/disclaimer\\\/\",\"url\":\"https:\\\/\\\/aboutsignal.com\\\/disclaimer\\\/\",\"name\":\"Disclaimer\",\"isPartOf\":{\"@id\":\"https:\\\/\\\/aboutsignal.com\\\/#website\"},\"primaryImageOfPage\":{\"@id\":\"https:\\\/\\\/aboutsignal.com\\\/disclaimer\\\/#primaryimage\"},\"image\":{\"@id\":\"https:\\\/\\\/aboutsignal.com\\\/disclaimer\\\/#primaryimage\"},\"thumbnailUrl\":\"https:\\\/\\\/aboutsignal.com\\\/files\\\/featured-aboutsignal-pages.png\",\"datePublished\":\"2025-05-20T06:26:22+00:00\",\"dateModified\":\"2026-04-22T05:02:36+00:00\",\"description\":\"AboutSignal.com is not an official website of Signal Messenger. Read this disclaimer before using our website.\",\"breadcrumb\":{\"@id\":\"https:\\\/\\\/aboutsignal.com\\\/disclaimer\\\/#breadcrumb\"},\"inLanguage\":\"de\",\"potentialAction\":[{\"@type\":\"ReadAction\",\"target\":[\"https:\\\/\\\/aboutsignal.com\\\/disclaimer\\\/\"]}]},{\"@type\":\"ImageObject\",\"inLanguage\":\"de\",\"@id\":\"https:\\\/\\\/aboutsignal.com\\\/disclaimer\\\/#primaryimage\",\"url\":\"https:\\\/\\\/aboutsignal.com\\\/files\\\/featured-aboutsignal-pages.png\",\"contentUrl\":\"https:\\\/\\\/aboutsignal.com\\\/files\\\/featured-aboutsignal-pages.png\",\"width\":600,\"height\":337},{\"@type\":\"BreadcrumbList\",\"@id\":\"https:\\\/\\\/aboutsignal.com\\\/disclaimer\\\/#breadcrumb\",\"itemListElement\":[{\"@type\":\"ListItem\",\"position\":1,\"name\":\"Home\",\"item\":\"https:\\\/\\\/aboutsignal.com\\\/\"},{\"@type\":\"ListItem\",\"position\":2,\"name\":\"Disclaimer\"}]},{\"@type\":\"WebSite\",\"@id\":\"https:\\\/\\\/aboutsignal.com\\\/#website\",\"url\":\"https:\\\/\\\/aboutsignal.com\\\/\",\"name\":\"AboutSignal\",\"description\":\"\",\"publisher\":{\"@id\":\"https:\\\/\\\/aboutsignal.com\\\/#organization\"},\"potentialAction\":[{\"@type\":\"SearchAction\",\"target\":{\"@type\":\"EntryPoint\",\"urlTemplate\":\"https:\\\/\\\/aboutsignal.com\\\/?s={search_term_string}\"},\"query-input\":{\"@type\":\"PropertyValueSpecification\",\"valueRequired\":true,\"valueName\":\"search_term_string\"}}],\"inLanguage\":\"de\"},{\"@type\":\"Organization\",\"@id\":\"https:\\\/\\\/aboutsignal.com\\\/#organization\",\"name\":\"AboutSignal\",\"url\":\"https:\\\/\\\/aboutsignal.com\\\/\",\"logo\":{\"@type\":\"ImageObject\",\"inLanguage\":\"de\",\"@id\":\"https:\\\/\\\/aboutsignal.com\\\/#\\\/schema\\\/logo\\\/image\\\/\",\"url\":\"https:\\\/\\\/aboutsignal.com\\\/files\\\/logo-aboutsignal.png\",\"contentUrl\":\"https:\\\/\\\/aboutsignal.com\\\/files\\\/logo-aboutsignal.png\",\"width\":1024,\"height\":1024,\"caption\":\"AboutSignal\"},\"image\":{\"@id\":\"https:\\\/\\\/aboutsignal.com\\\/#\\\/schema\\\/logo\\\/image\\\/\"}}]}<\/script>\n<!-- \/ Yoast SEO plugin. -->","yoast_head_json":{"title":"Disclaimer","description":"AboutSignal.com ist keine offizielle Website von Signal Messenger. Lesen Sie diesen Haftungsausschluss, bevor Sie unsere Website nutzen.","robots":{"index":"index","follow":"follow","max-snippet":"max-snippet:-1","max-image-preview":"max-image-preview:large","max-video-preview":"max-video-preview:-1"},"canonical":"https:\/\/aboutsignal.com\/de\/haftungsausschluss\/","og_locale":"de_DE","og_type":"article","og_title":"Disclaimer","og_description":"AboutSignal.com is not an official website of Signal Messenger. Read this disclaimer before using our website.","og_url":"https:\/\/aboutsignal.com\/de\/haftungsausschluss\/","og_site_name":"AboutSignal","article_modified_time":"2026-04-22T05:02:36+00:00","og_image":[{"width":600,"height":337,"url":"https:\/\/aboutsignal.com\/files\/featured-aboutsignal-pages.png","type":"image\/png"}],"twitter_card":"summary_large_image","twitter_misc":{"Gesch\u00e4tzte Lesezeit":"2\u00a0Minuten"},"schema":{"@context":"https:\/\/schema.org","@graph":[{"@type":"WebPage","@id":"https:\/\/aboutsignal.com\/disclaimer\/","url":"https:\/\/aboutsignal.com\/disclaimer\/","name":"Disclaimer","isPartOf":{"@id":"https:\/\/aboutsignal.com\/#website"},"primaryImageOfPage":{"@id":"https:\/\/aboutsignal.com\/disclaimer\/#primaryimage"},"image":{"@id":"https:\/\/aboutsignal.com\/disclaimer\/#primaryimage"},"thumbnailUrl":"https:\/\/aboutsignal.com\/files\/featured-aboutsignal-pages.png","datePublished":"2025-05-20T06:26:22+00:00","dateModified":"2026-04-22T05:02:36+00:00","description":"AboutSignal.com ist keine offizielle Website von Signal Messenger. Lesen Sie diesen Haftungsausschluss, bevor Sie unsere Website nutzen.","breadcrumb":{"@id":"https:\/\/aboutsignal.com\/disclaimer\/#breadcrumb"},"inLanguage":"de","potentialAction":[{"@type":"ReadAction","target":["https:\/\/aboutsignal.com\/disclaimer\/"]}]},{"@type":"ImageObject","inLanguage":"de","@id":"https:\/\/aboutsignal.com\/disclaimer\/#primaryimage","url":"https:\/\/aboutsignal.com\/files\/featured-aboutsignal-pages.png","contentUrl":"https:\/\/aboutsignal.com\/files\/featured-aboutsignal-pages.png","width":600,"height":337},{"@type":"BreadcrumbList","@id":"https:\/\/aboutsignal.com\/disclaimer\/#breadcrumb","itemListElement":[{"@type":"ListItem","position":1,"name":"Home","item":"https:\/\/aboutsignal.com\/"},{"@type":"ListItem","position":2,"name":"Disclaimer"}]},{"@type":"WebSite","@id":"https:\/\/aboutsignal.com\/#website","url":"https:\/\/aboutsignal.com\/","name":"AboutSignal","description":"","publisher":{"@id":"https:\/\/aboutsignal.com\/#organization"},"potentialAction":[{"@type":"SearchAction","target":{"@type":"EntryPoint","urlTemplate":"https:\/\/aboutsignal.com\/?s={search_term_string}"},"query-input":{"@type":"PropertyValueSpecification","valueRequired":true,"valueName":"search_term_string"}}],"inLanguage":"de"},{"@type":"Organization","@id":"https:\/\/aboutsignal.com\/#organization","name":"AboutSignal","url":"https:\/\/aboutsignal.com\/","logo":{"@type":"ImageObject","inLanguage":"de","@id":"https:\/\/aboutsignal.com\/#\/schema\/logo\/image\/","url":"https:\/\/aboutsignal.com\/files\/logo-aboutsignal.png","contentUrl":"https:\/\/aboutsignal.com\/files\/logo-aboutsignal.png","width":1024,"height":1024,"caption":"AboutSignal"},"image":{"@id":"https:\/\/aboutsignal.com\/#\/schema\/logo\/image\/"}}]}},"_links":{"self":[{"href":"https:\/\/aboutsignal.com\/de\/wp-json\/wp\/v2\/pages\/52425","targetHints":{"allow":["GET"]}}],"collection":[{"href":"https:\/\/aboutsignal.com\/de\/wp-json\/wp\/v2\/pages"}],"about":[{"href":"https:\/\/aboutsignal.com\/de\/wp-json\/wp\/v2\/types\/page"}],"author":[{"embeddable":true,"href":"https:\/\/aboutsignal.com\/de\/wp-json\/wp\/v2\/users\/1"}],"replies":[{"embeddable":true,"href":"https:\/\/aboutsignal.com\/de\/wp-json\/wp\/v2\/comments?post=52425"}],"version-history":[{"count":10,"href":"https:\/\/aboutsignal.com\/de\/wp-json\/wp\/v2\/pages\/52425\/revisions"}],"predecessor-version":[{"id":57786,"href":"https:\/\/aboutsignal.com\/de\/wp-json\/wp\/v2\/pages\/52425\/revisions\/57786"}],"wp:featuredmedia":[{"embeddable":true,"href":"https:\/\/aboutsignal.com\/de\/wp-json\/wp\/v2\/media\/53064"}],"wp:attachment":[{"href":"https:\/\/aboutsignal.com\/de\/wp-json\/wp\/v2\/media?parent=52425"}],"curies":[{"name":"wp","href":"https:\/\/api.w.org\/{rel}","templated":true}]}}