{"id":52435,"date":"2025-05-20T06:46:37","date_gmt":"2025-05-20T06:46:37","guid":{"rendered":"https:\/\/aboutsignal.com\/?page_id=52435"},"modified":"2026-03-18T11:43:21","modified_gmt":"2026-03-18T10:43:21","slug":"ueber-uns","status":"publish","type":"page","link":"https:\/\/aboutsignal.com\/de\/about-us\/","title":{"rendered":"\u00dcber uns"},"content":{"rendered":"<p>Willkommen bei <strong>AboutSignal.com<\/strong> \u2013 deine unabh\u00e4ngige Anlaufstelle f\u00fcr alles rund um den Signal Messenger, betreut von den langj\u00e4hrigen Signal-Nutzer*innen und Mitwirkenden <em>Michel, Martin,<\/em> <em>Simon, Alex, Tobias, Alberto, Sofia<\/em>, <em>Ted<\/em> <em>und anderen.<\/em><\/p>\n\n\n\n<p>Wir sind ein Team von datenschutzbewussten Signal Enthusiast*innen, die an die Bedeutung einer sicheren, privaten Kommunikation glauben. Unsere Mission ist es, Signal f\u00fcr Benutzer*innen auf der ganzen Welt zug\u00e4nglicher und verst\u00e4ndlicher, indem klare, aktuelle Informationen, Anleitungen und Ressourcen angeboten werden. <\/p>\n\n\n\n<p>Diese Website ist kostenlos und werbefrei. Warum eine .com-Domain? Wir halten .com f\u00fcr gebr\u00e4uchlicher, allgemeiner und leichter zu merken. Urspr\u00fcnglich, als das Internet begann, waren .com-Domains zwar f\u00fcr kommerzielle Zwecke gedacht, doch im Laufe der Jahre hat sich dies zu einer allgemeinen internationalen Nutzung gewandelt. Bei .org denken wir eher an eine Organisation. Und nicht zuletzt w\u00e4re aboutsignal.org zu leicht mit signal.org zu verwechseln.<\/p>\n\n\n\n<p><strong>AboutSignal.com ist keine offizielle Website von Signal Messenger oder der Signal Stiftung.<\/strong>Die Website wurde erstellt, um Benutzer zu unterst\u00fctzen, indem sie technische Details vereinfacht, h\u00e4ufige Fragen beantwortet und Tipps gibt, wie sie das Beste aus Signal's Eigenschaften.<\/p>\n\n\n\n<p>Ob du neu bei Signal oder ein erfahrener Benutzer bist, der tiefere Einblicke sucht: Unser Ziel ist es, dir dabei zu helfen, bei der Verwendung der weltweit vertrauensw\u00fcrdigsten und sichersten Messaging-App informiert, sicher und selbstbewusst zu bleiben.<\/p>\n\n\n\n<p>Bevor du diese Website nutzt, lies bitte auch unseren <a href=\"\/de\/haftungsausschluss\/\">Haftungsausschluss<\/a>.<\/p>\n\n\n\n<p>Wir haben von Signal Messenger die uneingeschr\u00e4nkte Genehmigung zur Erstellung dieser Website und zur Verwendung der urheberrechtlich gesch\u00fctzten Bilder und Logos erhalten.<\/p>\n\n\n\n<h2 class=\"wp-block-heading\"><strong>Kontakt<\/strong><\/h2>\n\n\n\n<p>Wenn du Fragen, Vorschl\u00e4ge oder Feedback hast, zur Webseite beitragen willst oder Tipps f\u00fcr uns hast, kannst du uns gerne kontaktieren unter <a href=\"mailto:info@aboutsignal.com\">info@aboutsignal.com<\/a>. Bitte beachte, dass wir auf individuelle Supportanfragen nicht antworten k\u00f6nnen.<\/p>\n\n\n\n<p>F\u00fcr alle Anfragen rund um Signal besuche bitte die <a href=\"https:\/\/support.signal.org\/\">offizielle Support-Website von Signal<\/a> oder poste deine Frage im <a href=\"https:\/\/community.signalusers.org\/\">Forum der Signal Community<\/a>.<\/p>\n\n\n\n<h2 class=\"wp-block-heading\"><strong>Social-Media-Accounts<\/strong><\/h2>\n\n\n\n<p>Folge uns auf Social Media:<\/p>\n\n\n\n<p>Englisch: <a href=\"https:\/\/mastodon.social\/@aboutsignal?\">Mastodon folgst<\/a>, <a href=\"https:\/\/bsky.app\/profile\/aboutsignal.com?\">Bluesky<\/a>, <a href=\"https:\/\/www.reddit.com\/user\/AboutSignal\/\">Reddit<\/a>, <a href=\"https:\/\/www.youtube.com\/@AboutSignal\">YouTube<\/a><\/p>\n\n\n\n<p>Dutch: <a href=\"https:\/\/mastodon.social\/@aboutsignalnl\">Mastodon folgst<\/a>, <a href=\"https:\/\/bsky.app\/profile\/aboutsignal.nl\">Bluesky<\/a><\/p>\n\n\n\n<p>Deutsch: <a href=\"https:\/\/mastodon.world\/@signalappde\">Mastodon folgst<\/a>, <a href=\"https:\/\/bsky.app\/profile\/aboutsignal.de\">Bluesky<\/a><\/p>\n\n\n\n<p>Italienisch: <a href=\"https:\/\/mastodon.social\/@aboutsignalit\">Mastodon folgst<\/a>, <a href=\"https:\/\/bsky.app\/profile\/aboutsignalit.bsky.social\">Bluesky<\/a><\/p>","protected":false},"excerpt":{"rendered":"<p>AboutSignal.com ist deine unabh\u00e4ngige Ressource f\u00fcr alles rund um den Messenger Signal, erstellt von langj\u00e4hrigen Signal-Benutzern und -Mitwirkenden.<\/p>","protected":false},"author":1,"featured_media":53064,"parent":0,"menu_order":0,"comment_status":"closed","ping_status":"closed","template":"","meta":{"_et_pb_use_builder":"","_et_pb_old_content":"","_et_gb_content_width":"","footnotes":""},"class_list":["post-52435","page","type-page","status-publish","has-post-thumbnail","hentry"],"yoast_head":"<!-- This site is optimized with the Yoast SEO plugin v27.4 - https:\/\/yoast.com\/product\/yoast-seo-wordpress\/ -->\n<title>About us<\/title>\n<meta name=\"description\" content=\"AboutSignal.com is your independent resource for everything related to Signal Messenger, created by longtime Signal users and contributors.\" \/>\n<meta name=\"robots\" content=\"index, follow, max-snippet:-1, max-image-preview:large, max-video-preview:-1\" \/>\n<link rel=\"canonical\" href=\"https:\/\/aboutsignal.com\/de\/ueber-uns\/\" \/>\n<meta property=\"og:locale\" content=\"de_DE\" \/>\n<meta property=\"og:type\" content=\"article\" \/>\n<meta property=\"og:title\" content=\"About us\" \/>\n<meta property=\"og:description\" content=\"AboutSignal.com is your independent resource for everything related to Signal Messenger, created by longtime Signal users and contributors.\" \/>\n<meta property=\"og:url\" content=\"https:\/\/aboutsignal.com\/de\/ueber-uns\/\" \/>\n<meta property=\"og:site_name\" content=\"AboutSignal\" \/>\n<meta property=\"article:modified_time\" content=\"2026-03-18T10:43:21+00:00\" \/>\n<meta property=\"og:image\" content=\"https:\/\/aboutsignal.com\/files\/featured-aboutsignal-pages.png\" \/>\n\t<meta property=\"og:image:width\" content=\"600\" \/>\n\t<meta property=\"og:image:height\" content=\"337\" \/>\n\t<meta property=\"og:image:type\" content=\"image\/png\" \/>\n<meta name=\"twitter:card\" content=\"summary_large_image\" \/>\n<meta name=\"twitter:label1\" content=\"Gesch\u00e4tzte Lesezeit\" \/>\n\t<meta name=\"twitter:data1\" content=\"2\u00a0Minuten\" \/>\n<script type=\"application\/ld+json\" class=\"yoast-schema-graph\">{\"@context\":\"https:\\\/\\\/schema.org\",\"@graph\":[{\"@type\":\"WebPage\",\"@id\":\"https:\\\/\\\/aboutsignal.com\\\/about-us\\\/\",\"url\":\"https:\\\/\\\/aboutsignal.com\\\/about-us\\\/\",\"name\":\"About us\",\"isPartOf\":{\"@id\":\"https:\\\/\\\/aboutsignal.com\\\/#website\"},\"primaryImageOfPage\":{\"@id\":\"https:\\\/\\\/aboutsignal.com\\\/about-us\\\/#primaryimage\"},\"image\":{\"@id\":\"https:\\\/\\\/aboutsignal.com\\\/about-us\\\/#primaryimage\"},\"thumbnailUrl\":\"https:\\\/\\\/aboutsignal.com\\\/files\\\/featured-aboutsignal-pages.png\",\"datePublished\":\"2025-05-20T06:46:37+00:00\",\"dateModified\":\"2026-03-18T10:43:21+00:00\",\"description\":\"AboutSignal.com is your independent resource for everything related to Signal Messenger, created by longtime Signal users and contributors.\",\"breadcrumb\":{\"@id\":\"https:\\\/\\\/aboutsignal.com\\\/about-us\\\/#breadcrumb\"},\"inLanguage\":\"de\",\"potentialAction\":[{\"@type\":\"ReadAction\",\"target\":[\"https:\\\/\\\/aboutsignal.com\\\/about-us\\\/\"]}]},{\"@type\":\"ImageObject\",\"inLanguage\":\"de\",\"@id\":\"https:\\\/\\\/aboutsignal.com\\\/about-us\\\/#primaryimage\",\"url\":\"https:\\\/\\\/aboutsignal.com\\\/files\\\/featured-aboutsignal-pages.png\",\"contentUrl\":\"https:\\\/\\\/aboutsignal.com\\\/files\\\/featured-aboutsignal-pages.png\",\"width\":600,\"height\":337},{\"@type\":\"BreadcrumbList\",\"@id\":\"https:\\\/\\\/aboutsignal.com\\\/about-us\\\/#breadcrumb\",\"itemListElement\":[{\"@type\":\"ListItem\",\"position\":1,\"name\":\"Home\",\"item\":\"https:\\\/\\\/aboutsignal.com\\\/\"},{\"@type\":\"ListItem\",\"position\":2,\"name\":\"About us\"}]},{\"@type\":\"WebSite\",\"@id\":\"https:\\\/\\\/aboutsignal.com\\\/#website\",\"url\":\"https:\\\/\\\/aboutsignal.com\\\/\",\"name\":\"AboutSignal\",\"description\":\"\",\"publisher\":{\"@id\":\"https:\\\/\\\/aboutsignal.com\\\/#organization\"},\"potentialAction\":[{\"@type\":\"SearchAction\",\"target\":{\"@type\":\"EntryPoint\",\"urlTemplate\":\"https:\\\/\\\/aboutsignal.com\\\/?s={search_term_string}\"},\"query-input\":{\"@type\":\"PropertyValueSpecification\",\"valueRequired\":true,\"valueName\":\"search_term_string\"}}],\"inLanguage\":\"de\"},{\"@type\":\"Organization\",\"@id\":\"https:\\\/\\\/aboutsignal.com\\\/#organization\",\"name\":\"AboutSignal\",\"url\":\"https:\\\/\\\/aboutsignal.com\\\/\",\"logo\":{\"@type\":\"ImageObject\",\"inLanguage\":\"de\",\"@id\":\"https:\\\/\\\/aboutsignal.com\\\/#\\\/schema\\\/logo\\\/image\\\/\",\"url\":\"https:\\\/\\\/aboutsignal.com\\\/files\\\/logo-aboutsignal.png\",\"contentUrl\":\"https:\\\/\\\/aboutsignal.com\\\/files\\\/logo-aboutsignal.png\",\"width\":1024,\"height\":1024,\"caption\":\"AboutSignal\"},\"image\":{\"@id\":\"https:\\\/\\\/aboutsignal.com\\\/#\\\/schema\\\/logo\\\/image\\\/\"}}]}<\/script>\n<!-- \/ Yoast SEO plugin. -->","yoast_head_json":{"title":"\u00dcber uns","description":"AboutSignal.com ist deine unabh\u00e4ngige Ressource f\u00fcr alles rund um den Messenger Signal, erstellt von langj\u00e4hrigen Signal-Benutzern und -Mitwirkenden.","robots":{"index":"index","follow":"follow","max-snippet":"max-snippet:-1","max-image-preview":"max-image-preview:large","max-video-preview":"max-video-preview:-1"},"canonical":"https:\/\/aboutsignal.com\/de\/ueber-uns\/","og_locale":"de_DE","og_type":"article","og_title":"About us","og_description":"AboutSignal.com is your independent resource for everything related to Signal Messenger, created by longtime Signal users and contributors.","og_url":"https:\/\/aboutsignal.com\/de\/ueber-uns\/","og_site_name":"AboutSignal","article_modified_time":"2026-03-18T10:43:21+00:00","og_image":[{"width":600,"height":337,"url":"https:\/\/aboutsignal.com\/files\/featured-aboutsignal-pages.png","type":"image\/png"}],"twitter_card":"summary_large_image","twitter_misc":{"Gesch\u00e4tzte Lesezeit":"2\u00a0Minuten"},"schema":{"@context":"https:\/\/schema.org","@graph":[{"@type":"WebPage","@id":"https:\/\/aboutsignal.com\/about-us\/","url":"https:\/\/aboutsignal.com\/about-us\/","name":"\u00dcber uns","isPartOf":{"@id":"https:\/\/aboutsignal.com\/#website"},"primaryImageOfPage":{"@id":"https:\/\/aboutsignal.com\/about-us\/#primaryimage"},"image":{"@id":"https:\/\/aboutsignal.com\/about-us\/#primaryimage"},"thumbnailUrl":"https:\/\/aboutsignal.com\/files\/featured-aboutsignal-pages.png","datePublished":"2025-05-20T06:46:37+00:00","dateModified":"2026-03-18T10:43:21+00:00","description":"AboutSignal.com ist deine unabh\u00e4ngige Ressource f\u00fcr alles rund um den Messenger Signal, erstellt von langj\u00e4hrigen Signal-Benutzern und -Mitwirkenden.","breadcrumb":{"@id":"https:\/\/aboutsignal.com\/about-us\/#breadcrumb"},"inLanguage":"de","potentialAction":[{"@type":"ReadAction","target":["https:\/\/aboutsignal.com\/about-us\/"]}]},{"@type":"ImageObject","inLanguage":"de","@id":"https:\/\/aboutsignal.com\/about-us\/#primaryimage","url":"https:\/\/aboutsignal.com\/files\/featured-aboutsignal-pages.png","contentUrl":"https:\/\/aboutsignal.com\/files\/featured-aboutsignal-pages.png","width":600,"height":337},{"@type":"BreadcrumbList","@id":"https:\/\/aboutsignal.com\/about-us\/#breadcrumb","itemListElement":[{"@type":"ListItem","position":1,"name":"Home","item":"https:\/\/aboutsignal.com\/"},{"@type":"ListItem","position":2,"name":"About us"}]},{"@type":"WebSite","@id":"https:\/\/aboutsignal.com\/#website","url":"https:\/\/aboutsignal.com\/","name":"AboutSignal","description":"","publisher":{"@id":"https:\/\/aboutsignal.com\/#organization"},"potentialAction":[{"@type":"SearchAction","target":{"@type":"EntryPoint","urlTemplate":"https:\/\/aboutsignal.com\/?s={search_term_string}"},"query-input":{"@type":"PropertyValueSpecification","valueRequired":true,"valueName":"search_term_string"}}],"inLanguage":"de"},{"@type":"Organization","@id":"https:\/\/aboutsignal.com\/#organization","name":"AboutSignal","url":"https:\/\/aboutsignal.com\/","logo":{"@type":"ImageObject","inLanguage":"de","@id":"https:\/\/aboutsignal.com\/#\/schema\/logo\/image\/","url":"https:\/\/aboutsignal.com\/files\/logo-aboutsignal.png","contentUrl":"https:\/\/aboutsignal.com\/files\/logo-aboutsignal.png","width":1024,"height":1024,"caption":"AboutSignal"},"image":{"@id":"https:\/\/aboutsignal.com\/#\/schema\/logo\/image\/"}}]}},"_links":{"self":[{"href":"https:\/\/aboutsignal.com\/de\/wp-json\/wp\/v2\/pages\/52435","targetHints":{"allow":["GET"]}}],"collection":[{"href":"https:\/\/aboutsignal.com\/de\/wp-json\/wp\/v2\/pages"}],"about":[{"href":"https:\/\/aboutsignal.com\/de\/wp-json\/wp\/v2\/types\/page"}],"author":[{"embeddable":true,"href":"https:\/\/aboutsignal.com\/de\/wp-json\/wp\/v2\/users\/1"}],"replies":[{"embeddable":true,"href":"https:\/\/aboutsignal.com\/de\/wp-json\/wp\/v2\/comments?post=52435"}],"version-history":[{"count":40,"href":"https:\/\/aboutsignal.com\/de\/wp-json\/wp\/v2\/pages\/52435\/revisions"}],"predecessor-version":[{"id":56791,"href":"https:\/\/aboutsignal.com\/de\/wp-json\/wp\/v2\/pages\/52435\/revisions\/56791"}],"wp:featuredmedia":[{"embeddable":true,"href":"https:\/\/aboutsignal.com\/de\/wp-json\/wp\/v2\/media\/53064"}],"wp:attachment":[{"href":"https:\/\/aboutsignal.com\/de\/wp-json\/wp\/v2\/media?parent=52435"}],"curies":[{"name":"wp","href":"https:\/\/api.w.org\/{rel}","templated":true}]}}