{"id":55399,"date":"2025-12-08T16:39:18","date_gmt":"2025-12-08T15:39:18","guid":{"rendered":"https:\/\/aboutsignal.com\/?page_id=55399"},"modified":"2025-12-16T11:34:15","modified_gmt":"2025-12-16T10:34:15","slug":"privacy-policy","status":"publish","type":"page","link":"https:\/\/aboutsignal.com\/de\/privacy-policy\/","title":{"rendered":"Datenschutzerkl\u00e4rung"},"content":{"rendered":"<p>Wir verarbeiten so wenige Daten wie m\u00f6glich, und die Daten, die wir verarbeiten, werden weder verkauft noch weiterverarbeitet oder mit anderen geteilt. <\/p>\n\n\n\n<p>Um den ordnungsgem\u00e4\u00dfen Betrieb, das Monitoring und die Verbesserung unserer Website sicherzustellen, verwenden wir Besucherstatistiken.<\/p>\n\n\n\n<p>Beitr\u00e4ge auf dieser Website k\u00f6nnen eingebettete Inhalte enthalten (zum Beispiel Videos, Bilder, Beitr\u00e4ge, Social Media usw.). Eingebettete Inhalte von anderen Websites verhalten sich exakt so, als h\u00e4tte die besuchende Person diese anderen Websites direkt besucht.<\/p>\n\n\n\n<p>Diese Websites k\u00f6nnen Daten \u00fcber dich sammeln, Cookies verwenden, zus\u00e4tzliches Tracking durch Drittanbieter einbinden und deine Interaktion mit den eingebetteten Inhalten \u00fcberwachen \u2013 einschlie\u00dflich der Nachverfolgung deiner Interaktion, wenn du dort ein Konto hast und eingeloggt bist.<\/p>\n\n\n\n<p>Weitere Informationen zu Cookies findest du in unserer <a href=\"https:\/\/aboutsignal.com\/de\/cookie-policy-eu\/\">Cookie-Richtlinie<\/a>.<\/p>\n\n\n\n<p>Im Falle von Abweichungen oder Unstimmigkeiten zwischen \u00dcbersetzungen dieser Datenschutzerkl\u00e4rung ist die englische Version ma\u00dfgeblich.<\/p>\n\n\n\n<h2 class=\"wp-block-heading\">Kontakt<\/h2>\n\n\n\n<p>Du kannst uns \u00fcber info@aboutsignal.com kontaktieren. Dabei erhalten wir deinen Namen und deine E-Mail-Adresse sowie gegebenenfalls weitere Informationen, die du freiwillig angibst. Wir verwenden diese Informationen ausschlie\u00dflich, um auf deine Nachricht zu antworten.<\/p>\n\n\n\n<h2 class=\"wp-block-heading\">\u00c4nderungen<\/h2>\n\n\n\n<p>AboutSignal.com beh\u00e4lt sich das Recht vor, \u00c4nderungen an dieser Datenschutz- und Cookie-Erkl\u00e4rung vorzunehmen. \u00c4nderungen werden auf unserer Website ver\u00f6ffentlicht.<\/p>\n\n\n\n<p><\/p>\n\n\n\n<p><strong><em>AboutSignal.com ist keine offizielle Website von Signal Messenger.<\/em><\/strong><\/p>\n\n\n\n<p><\/p>\n\n\n\n<p><\/p>","protected":false},"excerpt":{"rendered":"<p>We process as little data as possible, and the data we do process is not sold, further processed, or shared with others. To ensure the proper functioning, monitoring, and improvement of our website, we use visitor statistics. Posts on this site may include embedded content (for example, videos, images, posts, social media, etc.). Embedded content [&hellip;]<\/p>\n","protected":false},"author":1,"featured_media":0,"parent":0,"menu_order":0,"comment_status":"closed","ping_status":"closed","template":"","meta":{"_et_pb_use_builder":"off","_et_pb_old_content":"","_et_gb_content_width":"1080","footnotes":""},"class_list":["post-55399","page","type-page","status-publish","hentry"],"yoast_head":"<!-- This site is optimized with the Yoast SEO plugin v27.4 - https:\/\/yoast.com\/product\/yoast-seo-wordpress\/ -->\n<title>Privacy policy<\/title>\n<meta name=\"description\" content=\"We process as little data as possible, and the data we do process is not sold, further processed, or shared with others.\" \/>\n<meta name=\"robots\" content=\"index, follow, max-snippet:-1, max-image-preview:large, max-video-preview:-1\" \/>\n<link rel=\"canonical\" href=\"https:\/\/aboutsignal.com\/de\/privacy-policy\/\" \/>\n<meta property=\"og:locale\" content=\"de_DE\" \/>\n<meta property=\"og:type\" content=\"article\" \/>\n<meta property=\"og:title\" content=\"Privacy policy\" \/>\n<meta property=\"og:description\" content=\"We process as little data as possible, and the data we do process is not sold, further processed, or shared with others.\" \/>\n<meta property=\"og:url\" content=\"https:\/\/aboutsignal.com\/de\/privacy-policy\/\" \/>\n<meta property=\"og:site_name\" content=\"AboutSignal\" \/>\n<meta property=\"article:modified_time\" content=\"2025-12-16T10:34:15+00:00\" \/>\n<meta name=\"twitter:card\" content=\"summary_large_image\" \/>\n<meta name=\"twitter:label1\" content=\"Gesch\u00e4tzte Lesezeit\" \/>\n\t<meta name=\"twitter:data1\" content=\"1\u00a0Minute\" \/>\n<script type=\"application\/ld+json\" class=\"yoast-schema-graph\">{\"@context\":\"https:\\\/\\\/schema.org\",\"@graph\":[{\"@type\":\"WebPage\",\"@id\":\"https:\\\/\\\/aboutsignal.com\\\/privacy-policy\\\/\",\"url\":\"https:\\\/\\\/aboutsignal.com\\\/privacy-policy\\\/\",\"name\":\"Privacy policy\",\"isPartOf\":{\"@id\":\"https:\\\/\\\/aboutsignal.com\\\/#website\"},\"datePublished\":\"2025-12-08T15:39:18+00:00\",\"dateModified\":\"2025-12-16T10:34:15+00:00\",\"description\":\"We process as little data as possible, and the data we do process is not sold, further processed, or shared with others.\",\"breadcrumb\":{\"@id\":\"https:\\\/\\\/aboutsignal.com\\\/privacy-policy\\\/#breadcrumb\"},\"inLanguage\":\"de\",\"potentialAction\":[{\"@type\":\"ReadAction\",\"target\":[\"https:\\\/\\\/aboutsignal.com\\\/privacy-policy\\\/\"]}]},{\"@type\":\"BreadcrumbList\",\"@id\":\"https:\\\/\\\/aboutsignal.com\\\/privacy-policy\\\/#breadcrumb\",\"itemListElement\":[{\"@type\":\"ListItem\",\"position\":1,\"name\":\"Home\",\"item\":\"https:\\\/\\\/aboutsignal.com\\\/\"},{\"@type\":\"ListItem\",\"position\":2,\"name\":\"Privacy policy\"}]},{\"@type\":\"WebSite\",\"@id\":\"https:\\\/\\\/aboutsignal.com\\\/#website\",\"url\":\"https:\\\/\\\/aboutsignal.com\\\/\",\"name\":\"AboutSignal\",\"description\":\"\",\"publisher\":{\"@id\":\"https:\\\/\\\/aboutsignal.com\\\/#organization\"},\"potentialAction\":[{\"@type\":\"SearchAction\",\"target\":{\"@type\":\"EntryPoint\",\"urlTemplate\":\"https:\\\/\\\/aboutsignal.com\\\/?s={search_term_string}\"},\"query-input\":{\"@type\":\"PropertyValueSpecification\",\"valueRequired\":true,\"valueName\":\"search_term_string\"}}],\"inLanguage\":\"de\"},{\"@type\":\"Organization\",\"@id\":\"https:\\\/\\\/aboutsignal.com\\\/#organization\",\"name\":\"AboutSignal\",\"url\":\"https:\\\/\\\/aboutsignal.com\\\/\",\"logo\":{\"@type\":\"ImageObject\",\"inLanguage\":\"de\",\"@id\":\"https:\\\/\\\/aboutsignal.com\\\/#\\\/schema\\\/logo\\\/image\\\/\",\"url\":\"https:\\\/\\\/aboutsignal.com\\\/files\\\/logo-aboutsignal.png\",\"contentUrl\":\"https:\\\/\\\/aboutsignal.com\\\/files\\\/logo-aboutsignal.png\",\"width\":1024,\"height\":1024,\"caption\":\"AboutSignal\"},\"image\":{\"@id\":\"https:\\\/\\\/aboutsignal.com\\\/#\\\/schema\\\/logo\\\/image\\\/\"}}]}<\/script>\n<!-- \/ Yoast SEO plugin. -->","yoast_head_json":{"title":"Datenschutzerkl\u00e4rung","description":"Wir verarbeiten so wenige Daten wie m\u00f6glich, und die Daten, die wir verarbeiten, werden weder verkauft noch weiterverarbeitet oder mit anderen geteilt.","robots":{"index":"index","follow":"follow","max-snippet":"max-snippet:-1","max-image-preview":"max-image-preview:large","max-video-preview":"max-video-preview:-1"},"canonical":"https:\/\/aboutsignal.com\/de\/privacy-policy\/","og_locale":"de_DE","og_type":"article","og_title":"Privacy policy","og_description":"We process as little data as possible, and the data we do process is not sold, further processed, or shared with others.","og_url":"https:\/\/aboutsignal.com\/de\/privacy-policy\/","og_site_name":"AboutSignal","article_modified_time":"2025-12-16T10:34:15+00:00","twitter_card":"summary_large_image","twitter_misc":{"Gesch\u00e4tzte Lesezeit":"1\u00a0Minute"},"schema":{"@context":"https:\/\/schema.org","@graph":[{"@type":"WebPage","@id":"https:\/\/aboutsignal.com\/privacy-policy\/","url":"https:\/\/aboutsignal.com\/privacy-policy\/","name":"Datenschutzerkl\u00e4rung","isPartOf":{"@id":"https:\/\/aboutsignal.com\/#website"},"datePublished":"2025-12-08T15:39:18+00:00","dateModified":"2025-12-16T10:34:15+00:00","description":"Wir verarbeiten so wenige Daten wie m\u00f6glich, und die Daten, die wir verarbeiten, werden weder verkauft noch weiterverarbeitet oder mit anderen geteilt.","breadcrumb":{"@id":"https:\/\/aboutsignal.com\/privacy-policy\/#breadcrumb"},"inLanguage":"de","potentialAction":[{"@type":"ReadAction","target":["https:\/\/aboutsignal.com\/privacy-policy\/"]}]},{"@type":"BreadcrumbList","@id":"https:\/\/aboutsignal.com\/privacy-policy\/#breadcrumb","itemListElement":[{"@type":"ListItem","position":1,"name":"Home","item":"https:\/\/aboutsignal.com\/"},{"@type":"ListItem","position":2,"name":"Privacy policy"}]},{"@type":"WebSite","@id":"https:\/\/aboutsignal.com\/#website","url":"https:\/\/aboutsignal.com\/","name":"AboutSignal","description":"","publisher":{"@id":"https:\/\/aboutsignal.com\/#organization"},"potentialAction":[{"@type":"SearchAction","target":{"@type":"EntryPoint","urlTemplate":"https:\/\/aboutsignal.com\/?s={search_term_string}"},"query-input":{"@type":"PropertyValueSpecification","valueRequired":true,"valueName":"search_term_string"}}],"inLanguage":"de"},{"@type":"Organization","@id":"https:\/\/aboutsignal.com\/#organization","name":"AboutSignal","url":"https:\/\/aboutsignal.com\/","logo":{"@type":"ImageObject","inLanguage":"de","@id":"https:\/\/aboutsignal.com\/#\/schema\/logo\/image\/","url":"https:\/\/aboutsignal.com\/files\/logo-aboutsignal.png","contentUrl":"https:\/\/aboutsignal.com\/files\/logo-aboutsignal.png","width":1024,"height":1024,"caption":"AboutSignal"},"image":{"@id":"https:\/\/aboutsignal.com\/#\/schema\/logo\/image\/"}}]}},"_links":{"self":[{"href":"https:\/\/aboutsignal.com\/de\/wp-json\/wp\/v2\/pages\/55399","targetHints":{"allow":["GET"]}}],"collection":[{"href":"https:\/\/aboutsignal.com\/de\/wp-json\/wp\/v2\/pages"}],"about":[{"href":"https:\/\/aboutsignal.com\/de\/wp-json\/wp\/v2\/types\/page"}],"author":[{"embeddable":true,"href":"https:\/\/aboutsignal.com\/de\/wp-json\/wp\/v2\/users\/1"}],"replies":[{"embeddable":true,"href":"https:\/\/aboutsignal.com\/de\/wp-json\/wp\/v2\/comments?post=55399"}],"version-history":[{"count":5,"href":"https:\/\/aboutsignal.com\/de\/wp-json\/wp\/v2\/pages\/55399\/revisions"}],"predecessor-version":[{"id":55527,"href":"https:\/\/aboutsignal.com\/de\/wp-json\/wp\/v2\/pages\/55399\/revisions\/55527"}],"wp:attachment":[{"href":"https:\/\/aboutsignal.com\/de\/wp-json\/wp\/v2\/media?parent=55399"}],"curies":[{"name":"wp","href":"https:\/\/api.w.org\/{rel}","templated":true}]}}