{"id":52425,"date":"2025-05-20T06:26:22","date_gmt":"2025-05-20T06:26:22","guid":{"rendered":"https:\/\/aboutsignal.com\/?page_id=52425"},"modified":"2026-04-18T06:32:16","modified_gmt":"2026-04-18T04:32:16","slug":"disclaimer","status":"publish","type":"page","link":"https:\/\/aboutsignal.com\/it\/disclaimer\/","title":{"rendered":"Disclaimer"},"content":{"rendered":"<p>Sebbene la progettazione e la realizzazione di questo sito web siano state eseguite con la massima cura, potrebbero comunque verificarsi errori o inesattezze. In caso di problemi o inesattezze, ti preghiamo di contattarci all'indirizzo <a href=\"mailto:info@aboutsignal.com\">info@aboutsignal.com<\/a>. Faremo tutto il possibile per risolvere il problema o correggere le informazioni il pi\u00f9 rapidamente possibile.<\/p>\n\n\n\n<p>Le informazioni fornite su questo sito web hanno esclusivamente scopo informativo. Sebbene ci impegniamo a garantire che il contenuto sia accurato e aggiornato, non rilasciamo alcuna dichiarazione o garanzia di alcun tipo, esplicita o implicita, in merito alla completezza, accuratezza, affidabilit\u00e0, idoneit\u00e0 o disponibilit\u00e0 del sito web o delle informazioni, dei servizi o dei contenuti correlati presenti su questo sito.<\/p>\n\n\n\n<p>Non ci assumiamo alcuna responsabilit\u00e0 per eventuali perdite o danni derivanti dall'uso di questo sito web, dalle informazioni in esso contenute o da eventuali errori od omissioni.<\/p>\n\n\n\n<p>Questo sito web potrebbe contenere link a siti web di terze parti. Non siamo responsabili del contenuto, della funzionalit\u00e0 o della disponibilit\u00e0 di questi siti esterni, n\u00e9 di eventuali perdite o danni che possano derivare dal loro utilizzo.<\/p>\n\n\n\n<p>Questo sito web \u00e8 una risorsa indipendente e non ufficiale. Tutte le immagini, i loghi o i marchi di terze parti appartengono ai rispettivi proprietari. Non rivendichiamo alcun diritto di propriet\u00e0 su tali materiali. Se ritieni che i tuoi diritti siano stati violati, ti preghiamo di contattarci. <a href=\"\/it\/info@aboutsignal.com\/\">Contattaci<\/a> e noi esamineremo e risolveremo prontamente la tua questione<\/p>\n\n\n\n<p>Tutti i contenuti di questo sito web sono protetti da copyright. La riproduzione di qualsiasi parte del contenuto \u00e8 consentita solo con la corretta attribuzione e un collegamento a <strong>AboutSignal.com<\/strong>.<\/p>\n\n\n\n<p>Abbiamo ottenuto il completo permesso da Signal Messenger per creare questo sito web e per utilizzare le sue immagini e i suoi loghi protetti da copyright.<\/p>\n\n\n\n<p>In caso di discrepanze o incongruenze tra le traduzioni del presente Disclaimer, prevale la versione inglese.<\/p>\n\n\n\n<p><strong>AboutSignal.com non \u00e8 un sito web ufficiale di Signal Messenger.<\/strong> <a href=\"\/it\/chi-siamo\/\">Leggi di pi\u00f9 su chi siamo qui<\/a>.<\/p>","protected":false},"excerpt":{"rendered":"<p>AboutSignal.com non \u00e8 un sito web ufficiale di Signal Messenger. Leggi questo dislaimer prima di utilizzare il nostro sito.<\/p>","protected":false},"author":1,"featured_media":53064,"parent":0,"menu_order":0,"comment_status":"closed","ping_status":"closed","template":"","meta":{"_et_pb_use_builder":"off","_et_pb_old_content":"","_et_gb_content_width":"","footnotes":""},"class_list":["post-52425","page","type-page","status-publish","has-post-thumbnail","hentry"],"yoast_head":"<!-- This site is optimized with the Yoast SEO plugin v27.4 - https:\/\/yoast.com\/product\/yoast-seo-wordpress\/ -->\n<title>Disclaimer<\/title>\n<meta name=\"description\" content=\"AboutSignal.com is not an official website of Signal Messenger. Read this disclaimer before using our website.\" \/>\n<meta name=\"robots\" content=\"index, follow, max-snippet:-1, max-image-preview:large, max-video-preview:-1\" \/>\n<link rel=\"canonical\" href=\"https:\/\/aboutsignal.com\/it\/disclaimer\/\" \/>\n<meta property=\"og:locale\" content=\"it_IT\" \/>\n<meta property=\"og:type\" content=\"article\" \/>\n<meta property=\"og:title\" content=\"Disclaimer\" \/>\n<meta property=\"og:description\" content=\"AboutSignal.com is not an official website of Signal Messenger. Read this disclaimer before using our website.\" \/>\n<meta property=\"og:url\" content=\"https:\/\/aboutsignal.com\/it\/disclaimer\/\" \/>\n<meta property=\"og:site_name\" content=\"AboutSignal\" \/>\n<meta property=\"article:modified_time\" content=\"2026-04-18T04:32:16+00:00\" \/>\n<meta property=\"og:image\" content=\"https:\/\/aboutsignal.com\/files\/featured-aboutsignal-pages.png\" \/>\n\t<meta property=\"og:image:width\" content=\"600\" \/>\n\t<meta property=\"og:image:height\" content=\"337\" \/>\n\t<meta property=\"og:image:type\" content=\"image\/png\" \/>\n<meta name=\"twitter:card\" content=\"summary_large_image\" \/>\n<meta name=\"twitter:label1\" content=\"Tempo di lettura stimato\" \/>\n\t<meta name=\"twitter:data1\" content=\"2 minuti\" \/>\n<script type=\"application\/ld+json\" class=\"yoast-schema-graph\">{\"@context\":\"https:\\\/\\\/schema.org\",\"@graph\":[{\"@type\":\"WebPage\",\"@id\":\"https:\\\/\\\/aboutsignal.com\\\/disclaimer\\\/\",\"url\":\"https:\\\/\\\/aboutsignal.com\\\/disclaimer\\\/\",\"name\":\"Disclaimer\",\"isPartOf\":{\"@id\":\"https:\\\/\\\/aboutsignal.com\\\/#website\"},\"primaryImageOfPage\":{\"@id\":\"https:\\\/\\\/aboutsignal.com\\\/disclaimer\\\/#primaryimage\"},\"image\":{\"@id\":\"https:\\\/\\\/aboutsignal.com\\\/disclaimer\\\/#primaryimage\"},\"thumbnailUrl\":\"https:\\\/\\\/aboutsignal.com\\\/files\\\/featured-aboutsignal-pages.png\",\"datePublished\":\"2025-05-20T06:26:22+00:00\",\"dateModified\":\"2026-04-18T04:32:16+00:00\",\"description\":\"AboutSignal.com is not an official website of Signal Messenger. Read this disclaimer before using our website.\",\"breadcrumb\":{\"@id\":\"https:\\\/\\\/aboutsignal.com\\\/disclaimer\\\/#breadcrumb\"},\"inLanguage\":\"it-IT\",\"potentialAction\":[{\"@type\":\"ReadAction\",\"target\":[\"https:\\\/\\\/aboutsignal.com\\\/disclaimer\\\/\"]}]},{\"@type\":\"ImageObject\",\"inLanguage\":\"it-IT\",\"@id\":\"https:\\\/\\\/aboutsignal.com\\\/disclaimer\\\/#primaryimage\",\"url\":\"https:\\\/\\\/aboutsignal.com\\\/files\\\/featured-aboutsignal-pages.png\",\"contentUrl\":\"https:\\\/\\\/aboutsignal.com\\\/files\\\/featured-aboutsignal-pages.png\",\"width\":600,\"height\":337},{\"@type\":\"BreadcrumbList\",\"@id\":\"https:\\\/\\\/aboutsignal.com\\\/disclaimer\\\/#breadcrumb\",\"itemListElement\":[{\"@type\":\"ListItem\",\"position\":1,\"name\":\"Home\",\"item\":\"https:\\\/\\\/aboutsignal.com\\\/\"},{\"@type\":\"ListItem\",\"position\":2,\"name\":\"Disclaimer\"}]},{\"@type\":\"WebSite\",\"@id\":\"https:\\\/\\\/aboutsignal.com\\\/#website\",\"url\":\"https:\\\/\\\/aboutsignal.com\\\/\",\"name\":\"AboutSignal\",\"description\":\"\",\"publisher\":{\"@id\":\"https:\\\/\\\/aboutsignal.com\\\/#organization\"},\"potentialAction\":[{\"@type\":\"SearchAction\",\"target\":{\"@type\":\"EntryPoint\",\"urlTemplate\":\"https:\\\/\\\/aboutsignal.com\\\/?s={search_term_string}\"},\"query-input\":{\"@type\":\"PropertyValueSpecification\",\"valueRequired\":true,\"valueName\":\"search_term_string\"}}],\"inLanguage\":\"it-IT\"},{\"@type\":\"Organization\",\"@id\":\"https:\\\/\\\/aboutsignal.com\\\/#organization\",\"name\":\"AboutSignal\",\"url\":\"https:\\\/\\\/aboutsignal.com\\\/\",\"logo\":{\"@type\":\"ImageObject\",\"inLanguage\":\"it-IT\",\"@id\":\"https:\\\/\\\/aboutsignal.com\\\/#\\\/schema\\\/logo\\\/image\\\/\",\"url\":\"https:\\\/\\\/aboutsignal.com\\\/files\\\/logo-aboutsignal.png\",\"contentUrl\":\"https:\\\/\\\/aboutsignal.com\\\/files\\\/logo-aboutsignal.png\",\"width\":1024,\"height\":1024,\"caption\":\"AboutSignal\"},\"image\":{\"@id\":\"https:\\\/\\\/aboutsignal.com\\\/#\\\/schema\\\/logo\\\/image\\\/\"}}]}<\/script>\n<!-- \/ Yoast SEO plugin. -->","yoast_head_json":{"title":"Disclaimer","description":"AboutSignal.com non \u00e8 un sito web ufficiale di Signal Messenger. Leggi questo dislaimer prima di utilizzare il nostro sito.","robots":{"index":"index","follow":"follow","max-snippet":"max-snippet:-1","max-image-preview":"max-image-preview:large","max-video-preview":"max-video-preview:-1"},"canonical":"https:\/\/aboutsignal.com\/it\/disclaimer\/","og_locale":"it_IT","og_type":"article","og_title":"Disclaimer","og_description":"AboutSignal.com is not an official website of Signal Messenger. Read this disclaimer before using our website.","og_url":"https:\/\/aboutsignal.com\/it\/disclaimer\/","og_site_name":"AboutSignal","article_modified_time":"2026-04-18T04:32:16+00:00","og_image":[{"width":600,"height":337,"url":"https:\/\/aboutsignal.com\/files\/featured-aboutsignal-pages.png","type":"image\/png"}],"twitter_card":"summary_large_image","twitter_misc":{"Tempo di lettura stimato":"2 minuti"},"schema":{"@context":"https:\/\/schema.org","@graph":[{"@type":"WebPage","@id":"https:\/\/aboutsignal.com\/disclaimer\/","url":"https:\/\/aboutsignal.com\/disclaimer\/","name":"Disclaimer","isPartOf":{"@id":"https:\/\/aboutsignal.com\/#website"},"primaryImageOfPage":{"@id":"https:\/\/aboutsignal.com\/disclaimer\/#primaryimage"},"image":{"@id":"https:\/\/aboutsignal.com\/disclaimer\/#primaryimage"},"thumbnailUrl":"https:\/\/aboutsignal.com\/files\/featured-aboutsignal-pages.png","datePublished":"2025-05-20T06:26:22+00:00","dateModified":"2026-04-18T04:32:16+00:00","description":"AboutSignal.com non \u00e8 un sito web ufficiale di Signal Messenger. Leggi questo dislaimer prima di utilizzare il nostro sito.","breadcrumb":{"@id":"https:\/\/aboutsignal.com\/disclaimer\/#breadcrumb"},"inLanguage":"it-IT","potentialAction":[{"@type":"ReadAction","target":["https:\/\/aboutsignal.com\/disclaimer\/"]}]},{"@type":"ImageObject","inLanguage":"it-IT","@id":"https:\/\/aboutsignal.com\/disclaimer\/#primaryimage","url":"https:\/\/aboutsignal.com\/files\/featured-aboutsignal-pages.png","contentUrl":"https:\/\/aboutsignal.com\/files\/featured-aboutsignal-pages.png","width":600,"height":337},{"@type":"BreadcrumbList","@id":"https:\/\/aboutsignal.com\/disclaimer\/#breadcrumb","itemListElement":[{"@type":"ListItem","position":1,"name":"Home","item":"https:\/\/aboutsignal.com\/"},{"@type":"ListItem","position":2,"name":"Disclaimer"}]},{"@type":"WebSite","@id":"https:\/\/aboutsignal.com\/#website","url":"https:\/\/aboutsignal.com\/","name":"AboutSignal","description":"","publisher":{"@id":"https:\/\/aboutsignal.com\/#organization"},"potentialAction":[{"@type":"SearchAction","target":{"@type":"EntryPoint","urlTemplate":"https:\/\/aboutsignal.com\/?s={search_term_string}"},"query-input":{"@type":"PropertyValueSpecification","valueRequired":true,"valueName":"search_term_string"}}],"inLanguage":"it-IT"},{"@type":"Organization","@id":"https:\/\/aboutsignal.com\/#organization","name":"AboutSignal","url":"https:\/\/aboutsignal.com\/","logo":{"@type":"ImageObject","inLanguage":"it-IT","@id":"https:\/\/aboutsignal.com\/#\/schema\/logo\/image\/","url":"https:\/\/aboutsignal.com\/files\/logo-aboutsignal.png","contentUrl":"https:\/\/aboutsignal.com\/files\/logo-aboutsignal.png","width":1024,"height":1024,"caption":"AboutSignal"},"image":{"@id":"https:\/\/aboutsignal.com\/#\/schema\/logo\/image\/"}}]}},"_links":{"self":[{"href":"https:\/\/aboutsignal.com\/it\/wp-json\/wp\/v2\/pages\/52425","targetHints":{"allow":["GET"]}}],"collection":[{"href":"https:\/\/aboutsignal.com\/it\/wp-json\/wp\/v2\/pages"}],"about":[{"href":"https:\/\/aboutsignal.com\/it\/wp-json\/wp\/v2\/types\/page"}],"author":[{"embeddable":true,"href":"https:\/\/aboutsignal.com\/it\/wp-json\/wp\/v2\/users\/1"}],"replies":[{"embeddable":true,"href":"https:\/\/aboutsignal.com\/it\/wp-json\/wp\/v2\/comments?post=52425"}],"version-history":[{"count":9,"href":"https:\/\/aboutsignal.com\/it\/wp-json\/wp\/v2\/pages\/52425\/revisions"}],"predecessor-version":[{"id":55529,"href":"https:\/\/aboutsignal.com\/it\/wp-json\/wp\/v2\/pages\/52425\/revisions\/55529"}],"wp:featuredmedia":[{"embeddable":true,"href":"https:\/\/aboutsignal.com\/it\/wp-json\/wp\/v2\/media\/53064"}],"wp:attachment":[{"href":"https:\/\/aboutsignal.com\/it\/wp-json\/wp\/v2\/media?parent=52425"}],"curies":[{"name":"wp","href":"https:\/\/api.w.org\/{rel}","templated":true}]}}