{"id":52435,"date":"2025-05-20T06:46:37","date_gmt":"2025-05-20T06:46:37","guid":{"rendered":"https:\/\/aboutsignal.com\/?page_id=52435"},"modified":"2026-03-18T11:43:21","modified_gmt":"2026-03-18T10:43:21","slug":"chi-siamo","status":"publish","type":"page","link":"https:\/\/aboutsignal.com\/it\/about-us\/","title":{"rendered":"Chi siamo"},"content":{"rendered":"<p>Benvenuti ad <strong>AboutSignal.com<\/strong> \u2013 la tua risorsa indipendente per tutto ci\u00f2 che riguarda Signal, creato da creato da utenti e collaboratori di Signal di lunga data <em>Michel, Martin,<\/em> <em>Simon, Alex, Tobias, Alberto, Sofia<\/em>, <em>Ted<\/em> <em>e altri.<\/em><\/p>\n\n\n\n<p>Siamo un team di appassionati di Signal attenti alla privacy che credono nell'importanza di una comunicazione sicura e privata. La nostra missione \u00e8 rendere Signal pi\u00f9 accessibile e comprensibile per gli utenti di tutto il mondo, offrendo informazioni, guide e risorse chiare e aggiornate. <\/p>\n\n\n\n<p>Questo sito web \u00e8 gratuito e senza pubblicit\u00e0. Perch\u00e9 un dominio .com? Consideriamo il .com pi\u00f9 comune, generico e facile da ricordare. In origine, agli albori di Internet, i domini .com erano effettivamente destinati a uso commerciale, ma nel corso degli anni questo \u00e8 cambiato, trasformandosi in un uso internazionale generico. Per .org intendiamo pi\u00f9 un'organizzazione. Infine, ma non meno importante, aboutsignal.org sarebbe troppo facile da confondere con signal.org.<\/p>\n\n\n\n<p><strong>AboutSignal.com non \u00e8 un sito web ufficiale di Signal Messagger o della Fondazione Signal<\/strong>. Il sito web \u00e8 creato per supportare gli utenti semplificando i dettagli tecnici, rispondendo alle domande pi\u00f9 comuni e condividendo suggerimenti su come ottenere il massimo dalle funzioni di Signal.<\/p>\n\n\n\n<p>Che tu sia nuovo su Signal o un utente esperto in cerca di approfondimenti, il nostro obiettivo \u00e8 aiutarti a rimanere informato, sicuro e fiducioso nell'utilizzo dell'app di messaggistica sicura pi\u00f9 affidabile al mondo.<\/p>\n\n\n\n<p>Prima di utilizzare questo sito web, ti preghiamo di leggere anche la nostra <a href=\"\/it\/disclaimer\/\">Negazione di responsabilit\u00e0<\/a>.<\/p>\n\n\n\n<p>Abbiamo ottenuto il completo permesso da Signal Messenger per creare questo sito web e per utilizzare le sue immagini e i suoi loghi protetti da copyright.<\/p>\n\n\n\n<h2 class=\"wp-block-heading\"><strong>Contatti<\/strong><\/h2>\n\n\n\n<p>Se avete domande, suggerimenti, feedback relativi a questo sito web, se desiderate contribuire al sito o se avete suggerimenti da condividere, non esitate a contattarci all'indirizzo <a href=\"mailto:info@aboutsignal.com\">info@aboutsignal.com<\/a>. Si prega di notare che non siamo in grado di rispondere a richieste di supporto individuali.<\/p>\n\n\n\n<p>Per qualsiasi richiesta relativa a Signal, ti preghiamo di visitare il <a href=\"https:\/\/support.signal.org\/\">sito web di supporto ufficiale di Signal<\/a> oppure pubblica la tua domanda sul <a href=\"https:\/\/community.signalusers.org\/\">Forum della Community di Signal<\/a>.<\/p>\n\n\n\n<h2 class=\"wp-block-heading\"><strong>Account Social<\/strong><\/h2>\n\n\n\n<p>Seguici sui nostri social:<\/p>\n\n\n\n<p>Inglese: <a href=\"https:\/\/mastodon.social\/@aboutsignal?\">Mastodon<\/a>, <a href=\"https:\/\/bsky.app\/profile\/aboutsignal.com?\">Bluesky<\/a>, <a href=\"https:\/\/www.reddit.com\/user\/AboutSignal\/\">Reddit<\/a>, <a href=\"https:\/\/www.youtube.com\/@AboutSignal\">YouTube<\/a><\/p>\n\n\n\n<p>Dutch: <a href=\"https:\/\/mastodon.social\/@aboutsignalnl\">Mastodon<\/a>, <a href=\"https:\/\/bsky.app\/profile\/aboutsignal.nl\">Bluesky<\/a><\/p>\n\n\n\n<p>Tedesco: <a href=\"https:\/\/mastodon.world\/@signalappde\">Mastodon<\/a>, <a href=\"https:\/\/bsky.app\/profile\/aboutsignal.de\">Bluesky<\/a><\/p>\n\n\n\n<p>Italiano: <a href=\"https:\/\/mastodon.social\/@aboutsignalit\">Mastodon<\/a>, <a href=\"https:\/\/bsky.app\/profile\/aboutsignalit.bsky.social\">Bluesky<\/a><\/p>","protected":false},"excerpt":{"rendered":"<p>AboutSignal.com \u00e8 la tua risorsa indipendente per tutto ci\u00f2 che riguarda Signal, creato da creato da utenti e collaboratori di lunga data di Signal.<\/p>","protected":false},"author":1,"featured_media":53064,"parent":0,"menu_order":0,"comment_status":"closed","ping_status":"closed","template":"","meta":{"_et_pb_use_builder":"","_et_pb_old_content":"","_et_gb_content_width":"","footnotes":""},"class_list":["post-52435","page","type-page","status-publish","has-post-thumbnail","hentry"],"yoast_head":"<!-- This site is optimized with the Yoast SEO plugin v27.4 - https:\/\/yoast.com\/product\/yoast-seo-wordpress\/ -->\n<title>About us<\/title>\n<meta name=\"description\" content=\"AboutSignal.com is your independent resource for everything related to Signal Messenger, created by longtime Signal users and contributors.\" \/>\n<meta name=\"robots\" content=\"index, follow, max-snippet:-1, max-image-preview:large, max-video-preview:-1\" \/>\n<link rel=\"canonical\" href=\"https:\/\/aboutsignal.com\/it\/chi-siamo\/\" \/>\n<meta property=\"og:locale\" content=\"it_IT\" \/>\n<meta property=\"og:type\" content=\"article\" \/>\n<meta property=\"og:title\" content=\"About us\" \/>\n<meta property=\"og:description\" content=\"AboutSignal.com is your independent resource for everything related to Signal Messenger, created by longtime Signal users and contributors.\" \/>\n<meta property=\"og:url\" content=\"https:\/\/aboutsignal.com\/it\/chi-siamo\/\" \/>\n<meta property=\"og:site_name\" content=\"AboutSignal\" \/>\n<meta property=\"article:modified_time\" content=\"2026-03-18T10:43:21+00:00\" \/>\n<meta property=\"og:image\" content=\"https:\/\/aboutsignal.com\/files\/featured-aboutsignal-pages.png\" \/>\n\t<meta property=\"og:image:width\" content=\"600\" \/>\n\t<meta property=\"og:image:height\" content=\"337\" \/>\n\t<meta property=\"og:image:type\" content=\"image\/png\" \/>\n<meta name=\"twitter:card\" content=\"summary_large_image\" \/>\n<meta name=\"twitter:label1\" content=\"Tempo di lettura stimato\" \/>\n\t<meta name=\"twitter:data1\" content=\"2 minuti\" \/>\n<script type=\"application\/ld+json\" class=\"yoast-schema-graph\">{\"@context\":\"https:\\\/\\\/schema.org\",\"@graph\":[{\"@type\":\"WebPage\",\"@id\":\"https:\\\/\\\/aboutsignal.com\\\/it\\\/about-us\\\/\",\"url\":\"https:\\\/\\\/aboutsignal.com\\\/it\\\/about-us\\\/\",\"name\":\"About us\",\"isPartOf\":{\"@id\":\"https:\\\/\\\/aboutsignal.nl\\\/#website\"},\"primaryImageOfPage\":{\"@id\":\"https:\\\/\\\/aboutsignal.com\\\/it\\\/about-us\\\/#primaryimage\"},\"image\":{\"@id\":\"https:\\\/\\\/aboutsignal.com\\\/it\\\/about-us\\\/#primaryimage\"},\"thumbnailUrl\":\"https:\\\/\\\/aboutsignal.com\\\/files\\\/featured-aboutsignal-pages.png\",\"datePublished\":\"2025-05-20T06:46:37+00:00\",\"dateModified\":\"2026-03-18T10:43:21+00:00\",\"description\":\"AboutSignal.com is your independent resource for everything related to Signal Messenger, created by longtime Signal users and contributors.\",\"breadcrumb\":{\"@id\":\"https:\\\/\\\/aboutsignal.com\\\/it\\\/about-us\\\/#breadcrumb\"},\"inLanguage\":\"it-IT\",\"potentialAction\":[{\"@type\":\"ReadAction\",\"target\":[\"https:\\\/\\\/aboutsignal.com\\\/it\\\/about-us\\\/\"]}]},{\"@type\":\"ImageObject\",\"inLanguage\":\"it-IT\",\"@id\":\"https:\\\/\\\/aboutsignal.com\\\/it\\\/about-us\\\/#primaryimage\",\"url\":\"https:\\\/\\\/aboutsignal.com\\\/files\\\/featured-aboutsignal-pages.png\",\"contentUrl\":\"https:\\\/\\\/aboutsignal.com\\\/files\\\/featured-aboutsignal-pages.png\",\"width\":600,\"height\":337},{\"@type\":\"BreadcrumbList\",\"@id\":\"https:\\\/\\\/aboutsignal.com\\\/it\\\/about-us\\\/#breadcrumb\",\"itemListElement\":[{\"@type\":\"ListItem\",\"position\":1,\"name\":\"Home\",\"item\":\"https:\\\/\\\/aboutsignal.com\\\/\"},{\"@type\":\"ListItem\",\"position\":2,\"name\":\"About us\"}]},{\"@type\":\"WebSite\",\"@id\":\"https:\\\/\\\/aboutsignal.nl\\\/#website\",\"url\":\"https:\\\/\\\/aboutsignal.nl\\\/\",\"name\":\"AboutSignal\",\"description\":\"\",\"publisher\":{\"@id\":\"https:\\\/\\\/aboutsignal.nl\\\/#organization\"},\"potentialAction\":[{\"@type\":\"SearchAction\",\"target\":{\"@type\":\"EntryPoint\",\"urlTemplate\":\"https:\\\/\\\/aboutsignal.nl\\\/?s={search_term_string}\"},\"query-input\":{\"@type\":\"PropertyValueSpecification\",\"valueRequired\":true,\"valueName\":\"search_term_string\"}}],\"inLanguage\":\"it-IT\"},{\"@type\":\"Organization\",\"@id\":\"https:\\\/\\\/aboutsignal.nl\\\/#organization\",\"name\":\"AboutSignal\",\"url\":\"https:\\\/\\\/aboutsignal.nl\\\/\",\"logo\":{\"@type\":\"ImageObject\",\"inLanguage\":\"it-IT\",\"@id\":\"https:\\\/\\\/aboutsignal.nl\\\/#\\\/schema\\\/logo\\\/image\\\/\",\"url\":\"https:\\\/\\\/aboutsignal.com\\\/files\\\/logo-aboutsignal.png\",\"contentUrl\":\"https:\\\/\\\/aboutsignal.com\\\/files\\\/logo-aboutsignal.png\",\"width\":1024,\"height\":1024,\"caption\":\"AboutSignal\"},\"image\":{\"@id\":\"https:\\\/\\\/aboutsignal.nl\\\/#\\\/schema\\\/logo\\\/image\\\/\"}}]}<\/script>\n<!-- \/ Yoast SEO plugin. -->","yoast_head_json":{"title":"Chi siamo","description":"AboutSignal.com \u00e8 la tua risorsa indipendente per tutto ci\u00f2 che riguarda Signal, creato da creato da utenti e collaboratori di lunga data di Signal.","robots":{"index":"index","follow":"follow","max-snippet":"max-snippet:-1","max-image-preview":"max-image-preview:large","max-video-preview":"max-video-preview:-1"},"canonical":"https:\/\/aboutsignal.com\/it\/chi-siamo\/","og_locale":"it_IT","og_type":"article","og_title":"About us","og_description":"AboutSignal.com is your independent resource for everything related to Signal Messenger, created by longtime Signal users and contributors.","og_url":"https:\/\/aboutsignal.com\/it\/chi-siamo\/","og_site_name":"AboutSignal","article_modified_time":"2026-03-18T10:43:21+00:00","og_image":[{"width":600,"height":337,"url":"https:\/\/aboutsignal.com\/files\/featured-aboutsignal-pages.png","type":"image\/png"}],"twitter_card":"summary_large_image","twitter_misc":{"Tempo di lettura stimato":"2 minuti"},"schema":{"@context":"https:\/\/schema.org","@graph":[{"@type":"WebPage","@id":"https:\/\/aboutsignal.com\/it\/about-us\/","url":"https:\/\/aboutsignal.com\/it\/about-us\/","name":"Chi siamo","isPartOf":{"@id":"https:\/\/aboutsignal.nl\/#website"},"primaryImageOfPage":{"@id":"https:\/\/aboutsignal.com\/it\/about-us\/#primaryimage"},"image":{"@id":"https:\/\/aboutsignal.com\/it\/about-us\/#primaryimage"},"thumbnailUrl":"https:\/\/aboutsignal.com\/files\/featured-aboutsignal-pages.png","datePublished":"2025-05-20T06:46:37+00:00","dateModified":"2026-03-18T10:43:21+00:00","description":"AboutSignal.com \u00e8 la tua risorsa indipendente per tutto ci\u00f2 che riguarda Signal, creato da creato da utenti e collaboratori di lunga data di Signal.","breadcrumb":{"@id":"https:\/\/aboutsignal.com\/it\/about-us\/#breadcrumb"},"inLanguage":"it-IT","potentialAction":[{"@type":"ReadAction","target":["https:\/\/aboutsignal.com\/it\/about-us\/"]}]},{"@type":"ImageObject","inLanguage":"it-IT","@id":"https:\/\/aboutsignal.com\/it\/about-us\/#primaryimage","url":"https:\/\/aboutsignal.com\/files\/featured-aboutsignal-pages.png","contentUrl":"https:\/\/aboutsignal.com\/files\/featured-aboutsignal-pages.png","width":600,"height":337},{"@type":"BreadcrumbList","@id":"https:\/\/aboutsignal.com\/it\/about-us\/#breadcrumb","itemListElement":[{"@type":"ListItem","position":1,"name":"Home","item":"https:\/\/aboutsignal.com\/"},{"@type":"ListItem","position":2,"name":"About us"}]},{"@type":"WebSite","@id":"https:\/\/aboutsignal.nl\/#website","url":"https:\/\/aboutsignal.nl\/","name":"AboutSignal","description":"","publisher":{"@id":"https:\/\/aboutsignal.nl\/#organization"},"potentialAction":[{"@type":"SearchAction","target":{"@type":"EntryPoint","urlTemplate":"https:\/\/aboutsignal.nl\/?s={search_term_string}"},"query-input":{"@type":"PropertyValueSpecification","valueRequired":true,"valueName":"search_term_string"}}],"inLanguage":"it-IT"},{"@type":"Organization","@id":"https:\/\/aboutsignal.nl\/#organization","name":"AboutSignal","url":"https:\/\/aboutsignal.nl\/","logo":{"@type":"ImageObject","inLanguage":"it-IT","@id":"https:\/\/aboutsignal.nl\/#\/schema\/logo\/image\/","url":"https:\/\/aboutsignal.com\/files\/logo-aboutsignal.png","contentUrl":"https:\/\/aboutsignal.com\/files\/logo-aboutsignal.png","width":1024,"height":1024,"caption":"AboutSignal"},"image":{"@id":"https:\/\/aboutsignal.nl\/#\/schema\/logo\/image\/"}}]}},"_links":{"self":[{"href":"https:\/\/aboutsignal.com\/it\/wp-json\/wp\/v2\/pages\/52435","targetHints":{"allow":["GET"]}}],"collection":[{"href":"https:\/\/aboutsignal.com\/it\/wp-json\/wp\/v2\/pages"}],"about":[{"href":"https:\/\/aboutsignal.com\/it\/wp-json\/wp\/v2\/types\/page"}],"author":[{"embeddable":true,"href":"https:\/\/aboutsignal.com\/it\/wp-json\/wp\/v2\/users\/1"}],"replies":[{"embeddable":true,"href":"https:\/\/aboutsignal.com\/it\/wp-json\/wp\/v2\/comments?post=52435"}],"version-history":[{"count":40,"href":"https:\/\/aboutsignal.com\/it\/wp-json\/wp\/v2\/pages\/52435\/revisions"}],"predecessor-version":[{"id":56791,"href":"https:\/\/aboutsignal.com\/it\/wp-json\/wp\/v2\/pages\/52435\/revisions\/56791"}],"wp:featuredmedia":[{"embeddable":true,"href":"https:\/\/aboutsignal.com\/it\/wp-json\/wp\/v2\/media\/53064"}],"wp:attachment":[{"href":"https:\/\/aboutsignal.com\/it\/wp-json\/wp\/v2\/media?parent=52435"}],"curies":[{"name":"wp","href":"https:\/\/api.w.org\/{rel}","templated":true}]}}